{"id":255,"date":"2023-12-23T00:00:32","date_gmt":"2023-12-22T23:00:32","guid":{"rendered":"https:\/\/www.placidus.sk\/nove\/?page_id=255"},"modified":"2023-12-23T00:21:50","modified_gmt":"2023-12-22T23:21:50","slug":"saunovy-ceremonial","status":"publish","type":"page","link":"https:\/\/placidus.sk\/nove\/saunovy-ceremonial\/","title":{"rendered":"Saunov\u00fd ceremoni\u00e1l"},"content":{"rendered":"<div class=\"wpb-content-wrapper\"><p>[vc_row css=&#8220;.vc_custom_1703285560128{margin-top: 4vh !important;margin-bottom: 4vh !important;}&#8220; woodmart_css_id=&#8220;65861333075d8&#8243; responsive_spacing=&#8220;eyJwYXJhbV90eXBlIjoid29vZG1hcnRfcmVzcG9uc2l2ZV9zcGFjaW5nIiwic2VsZWN0b3JfaWQiOiI2NTg2MTMzMzA3NWQ4Iiwic2hvcnRjb2RlIjoidmNfcm93IiwiZGF0YSI6eyJ0YWJsZXQiOnt9LCJtb2JpbGUiOnsibWFyZ2luLXRvcCI6IjBweCJ9fX0=&#8220; mobile_bg_img_hidden=&#8220;no&#8220; tablet_bg_img_hidden=&#8220;no&#8220; woodmart_parallax=&#8220;0&#8243; woodmart_gradient_switch=&#8220;no&#8220; woodmart_box_shadow=&#8220;no&#8220; wd_z_index=&#8220;no&#8220; woodmart_disable_overflow=&#8220;0&#8243; row_reverse_mobile=&#8220;0&#8243; row_reverse_tablet=&#8220;0&#8243;][vc_column woodmart_css_id=&#8220;6586110324517&#8243; parallax_scroll=&#8220;no&#8220; woodmart_sticky_column=&#8220;false&#8220; wd_collapsible_content_switcher=&#8220;no&#8220; wd_column_role_offcanvas_desktop=&#8220;no&#8220; wd_column_role_offcanvas_tablet=&#8220;no&#8220; wd_column_role_offcanvas_mobile=&#8220;no&#8220; wd_column_role_content_desktop=&#8220;no&#8220; wd_column_role_content_tablet=&#8220;no&#8220; wd_column_role_content_mobile=&#8220;no&#8220; mobile_bg_img_hidden=&#8220;no&#8220; tablet_bg_img_hidden=&#8220;no&#8220; woodmart_parallax=&#8220;0&#8243; woodmart_box_shadow=&#8220;no&#8220; responsive_spacing=&#8220;eyJwYXJhbV90eXBlIjoid29vZG1hcnRfcmVzcG9uc2l2ZV9zcGFjaW5nIiwic2VsZWN0b3JfaWQiOiI2NTg2MTEwMzI0NTE3Iiwic2hvcnRjb2RlIjoidmNfY29sdW1uIiwiZGF0YSI6eyJ0YWJsZXQiOnt9LCJtb2JpbGUiOnt9fX0=&#8220; mobile_reset_margin=&#8220;no&#8220; tablet_reset_margin=&#8220;no&#8220; wd_z_index=&#8220;no&#8220;]\n\t\t<div id=\"wd-658613d525453\" class=\"title-wrapper wd-wpb set-mb-s reset-last-child  wd-rs-658613d525453 wd-title-color-default wd-title-style-simple text-center  wd-width-enabled wd-underline-colored\" style=\"--wd-max-width: 70%;\">\n\t\t\t\n\t\t\t<div class=\"liner-continer\">\n\t\t\t\t<h4 class=\"woodmart-title-container title  wd-font-weight- wd-fontsize-xxxl\" >SAUNOV\u00dd CEREMONI\u00c1L<\/h4>\n\t\t\t\t\t\t\t<\/div>\n\t\t\t\n\t\t\t\t\t\t\t<div class=\"title-after_title  set-cont-mb-s reset-last-child  wd-fontsize-s\">Saunov\u00fd ceremoni\u00e1l je nie\u010do ako \u0161ou v saune, divadlo alebo predstavenie pre saunuj\u00facich sa klientov. Saunov\u00e9 ceremoni\u00e1ly s\u00fa s\u00fa\u010das\u0165ou z\u00e1\u017eitkov\u00e9ho saunovania, okrem potenia a pobytu v teplej saune pon\u00fakaj\u00fa nie\u010do naviac.<\/div>\n\t\t\t\n\t\t\t\n\t\t<\/div>\n\t\t\n\t\t[\/vc_column][\/vc_row][vc_row woodmart_css_id=&#8220;65860c015f500&#8243; responsive_spacing=&#8220;eyJwYXJhbV90eXBlIjoid29vZG1hcnRfcmVzcG9uc2l2ZV9zcGFjaW5nIiwic2VsZWN0b3JfaWQiOiI2NTg2MGMwMTVmNTAwIiwic2hvcnRjb2RlIjoidmNfcm93IiwiZGF0YSI6eyJ0YWJsZXQiOnt9LCJtb2JpbGUiOnsibWFyZ2luLWJvdHRvbSI6Ii0zMHB4In19fQ==&#8220; mobile_bg_img_hidden=&#8220;no&#8220; tablet_bg_img_hidden=&#8220;no&#8220; woodmart_parallax=&#8220;0&#8243; woodmart_gradient_switch=&#8220;no&#8220; woodmart_box_shadow=&#8220;no&#8220; wd_z_index=&#8220;no&#8220; woodmart_disable_overflow=&#8220;0&#8243; row_reverse_mobile=&#8220;0&#8243; row_reverse_tablet=&#8220;0&#8243; css=&#8220;.vc_custom_1703283720695{margin-bottom: 30px !important;}&#8220;][vc_column]\n\t\t<div id=\"wd-6586143db77df\" class=\"title-wrapper wd-wpb set-mb-s reset-last-child  wd-rs-6586143db77df wd-title-color-default wd-title-style-underlined text-center  wd-width-enabled wd-underline-colored\" style=\"--wd-max-width: 70%;\">\n\t\t\t\n\t\t\t<div class=\"liner-continer\">\n\t\t\t\t<h4 class=\"woodmart-title-container title  wd-font-weight- wd-fontsize-xxxl\" >Z\u00c1\u017dITKOV\u00c9 SAUNOVANIE<\/h4>\n\t\t\t\t\t\t\t<\/div>\n\t\t\t\n\t\t\t\n\t\t\t\n\t\t<\/div>\n\t\t\n\t\t[\/vc_column][\/vc_row][vc_row equal_height=&#8220;yes&#8220; content_placement=&#8220;middle&#8220; row_reverse_mobile=&#8220;1&#8243; css=&#8220;.vc_custom_1703196522067{margin-bottom: 80px !important;padding-right: 5% !important;padding-left: 5% !important;}&#8220; woodmart_css_id=&#8220;6584b75f1e02e&#8220; responsive_spacing=&#8220;eyJwYXJhbV90eXBlIjoid29vZG1hcnRfcmVzcG9uc2l2ZV9zcGFjaW5nIiwic2VsZWN0b3JfaWQiOiI2NTg0Yjc1ZjFlMDJlIiwic2hvcnRjb2RlIjoidmNfcm93IiwiZGF0YSI6eyJ0YWJsZXQiOnsibWFyZ2luLWJvdHRvbSI6IjQwcHgifSwibW9iaWxlIjp7Im1hcmdpbi1ib3R0b20iOiItNTBweCIsInBhZGRpbmctcmlnaHQiOiIwcHgiLCJwYWRkaW5nLWxlZnQiOiIwcHgifX19&#8243; mobile_bg_img_hidden=&#8220;no&#8220; tablet_bg_img_hidden=&#8220;no&#8220; woodmart_parallax=&#8220;0&#8243; woodmart_gradient_switch=&#8220;no&#8220; woodmart_box_shadow=&#8220;no&#8220; wd_z_index=&#8220;no&#8220; woodmart_disable_overflow=&#8220;0&#8243; row_reverse_tablet=&#8220;0&#8243;][vc_column vertical_alignment=&#8220;eyJkZXZpY2VzIjp7ImRlc2t0b3AiOnsidmFsdWUiOiJjZW50ZXIifSwidGFibGV0Ijp7InZhbHVlIjoiIn0sIm1vYmlsZSI6eyJ2YWx1ZSI6IiJ9fX0=&#8220; parallax_scroll=&#8220;no&#8220; css=&#8220;.vc_custom_1703195398936{padding-right: 10% !important;padding-left: 10% !important;}&#8220; offset=&#8220;vc_col-lg-5 vc_col-md-6 vc_col-xs-12&#8243; woodmart_css_id=&#8220;6584b2fc49881&#8243; woodmart_sticky_column=&#8220;false&#8220; wd_collapsible_content_switcher=&#8220;no&#8220; mobile_bg_img_hidden=&#8220;no&#8220; tablet_bg_img_hidden=&#8220;no&#8220; woodmart_parallax=&#8220;0&#8243; woodmart_box_shadow=&#8220;no&#8220; mobile_reset_margin=&#8220;no&#8220; tablet_reset_margin=&#8220;no&#8220; wd_z_index=&#8220;no&#8220; responsive_spacing=&#8220;eyJwYXJhbV90eXBlIjoid29vZG1hcnRfcmVzcG9uc2l2ZV9zcGFjaW5nIiwic2VsZWN0b3JfaWQiOiI2NTg0YjJmYzQ5ODgxIiwic2hvcnRjb2RlIjoidmNfY29sdW1uIiwiZGF0YSI6eyJ0YWJsZXQiOnt9LCJtb2JpbGUiOnsicGFkZGluZy1yaWdodCI6IjE1JSIsInBhZGRpbmctYm90dG9tIjoiNjBweCIsInBhZGRpbmctbGVmdCI6IjE1JSJ9fX0=&#8220; wd_column_role_offcanvas_desktop=&#8220;no&#8220; wd_column_role_offcanvas_tablet=&#8220;no&#8220; wd_column_role_offcanvas_mobile=&#8220;no&#8220; wd_column_role_content_desktop=&#8220;no&#8220; wd_column_role_content_tablet=&#8220;no&#8220; wd_column_role_content_mobile=&#8220;no&#8220;]\t\t<div id=\"wd-6586146688178\" class=\"wd-text-block wd-wpb reset-last-child wd-rs-6586146688178 text-left wd-width-custom wd-fontsize-custom vc_custom_1703285909557\">\n\t\t\t<p>Z\u00e1\u017eitkov\u00e9 saunovanie &#8211; saunov\u00e9 ceremoni\u00e1ly a\u00a0saunov\u00e9 ritu\u00e1ly s\u00fa nov\u00e9 trendy v\u00a0saunovan\u00ed, ktor\u00e9 oslovuj\u00fa nielen za\u010diato\u010dn\u00edkov, ale aj sk\u00fasen\u00fdch nad\u0161encov saunovania.<\/p>\n<p>Po\u010das saunov\u00e9ho ceremoni\u00e1lu, doch\u00e1dza k\u00a0intenz\u00edvnej\u0161iemu saunovaniu postupn\u00fdm zvy\u0161ovan\u00edm teploty a\u00a0vlhkosti vo vopred vyvetranej saune. Ceremoni\u00e1l trv\u00e1 zhruba 10 \u2013 15 min\u00fat, m\u00e1 v\u00e4\u010d\u0161inou 3 alebo 4 kol\u00e1, po\u010das ktor\u00fdch sa prid\u00e1vaj\u00fa r\u00f4zne v\u00f4ne maj\u00face z\u00e1klad v\u00a0kvalitn\u00fdch \u00e9terick\u00fdch olejoch. Cel\u00fd ceremoni\u00e1l sa odohr\u00e1va za zvuku tematickej muziky, ktor\u00e1 spr\u00edjem\u0148uje pobyt v\u00a0saune.<\/p>\n<p>Saunov\u00e9 ceremoni\u00e1ly sa \u010d\u00edm \u010falej t\u00fdm viac te\u0161ia ob\u013eube medzi \u0161irokou verejnos\u0165ou. Preto ich m\u00f4\u017eete ok\u00fasi\u0165 aj u n\u00e1s. Popri relaxa\u010dn\u00fdch ceremoni\u00e1loch, konaj\u00facich sa u n\u00e1s na pravidelnej v\u00edkendovej b\u00e1ze, pre v\u00e1s pravidelne pripravujeme aj saunov\u00e9 podujatia s r\u00f4znymi hos\u0165uj\u00facimi sauna-majstrami.<\/p>\n<p>Saunov\u00fd ceremoni\u00e1l m\u00f4\u017ee by\u0165 z\u00e1\u017eitkov\u00fd, relaxa\u010dn\u00fd, alebo so \u0161peci\u00e1lnou starostlivos\u0165ou o poko\u017eku.<\/p>\n\t\t<\/div>\n\t\t[\/vc_column][vc_column vertical_alignment=&#8220;eyJkZXZpY2VzIjp7ImRlc2t0b3AiOnsidmFsdWUiOiJjZW50ZXIifSwidGFibGV0Ijp7InZhbHVlIjoiIn0sIm1vYmlsZSI6eyJ2YWx1ZSI6IiJ9fX0=&#8220; css=&#8220;.vc_custom_1703196356700{padding-right: 10% !important;padding-left: 10% !important;}&#8220; offset=&#8220;vc_col-lg-7 vc_col-md-6 vc_col-xs-12&#8243; woodmart_css_id=&#8220;6584b6bca3b6c&#8220; parallax_scroll=&#8220;no&#8220; woodmart_sticky_column=&#8220;false&#8220; wd_collapsible_content_switcher=&#8220;no&#8220; mobile_bg_img_hidden=&#8220;no&#8220; tablet_bg_img_hidden=&#8220;no&#8220; woodmart_parallax=&#8220;0&#8243; woodmart_box_shadow=&#8220;no&#8220; mobile_reset_margin=&#8220;no&#8220; tablet_reset_margin=&#8220;no&#8220; wd_z_index=&#8220;no&#8220; responsive_spacing=&#8220;eyJwYXJhbV90eXBlIjoid29vZG1hcnRfcmVzcG9uc2l2ZV9zcGFjaW5nIiwic2VsZWN0b3JfaWQiOiI2NTg0YjZiY2EzYjZjIiwic2hvcnRjb2RlIjoidmNfY29sdW1uIiwiZGF0YSI6eyJ0YWJsZXQiOnsicGFkZGluZy10b3AiOiI0MHB4IiwicGFkZGluZy1ib3R0b20iOiI0MHB4In0sIm1vYmlsZSI6eyJwYWRkaW5nLXJpZ2h0IjoiMTVweCIsInBhZGRpbmctbGVmdCI6IjE1cHgifX19&#8243; wd_column_role_offcanvas_desktop=&#8220;no&#8220; wd_column_role_offcanvas_tablet=&#8220;no&#8220; wd_column_role_offcanvas_mobile=&#8220;no&#8220; wd_column_role_content_desktop=&#8220;no&#8220; wd_column_role_content_tablet=&#8220;no&#8220; wd_column_role_content_mobile=&#8220;no&#8220;]\t\t<div id=\"wd-658614e6d6be7\" class=\"wd-image wd-wpb wd-rs-658614e6d6be7 text-center vc_custom_1703286029529\">\n\t\t\t\n\t\t\t<img loading=\"lazy\" decoding=\"async\" width=\"1000\" height=\"1000\" src=\"https:\/\/placidus.sk\/nove\/wp-content\/uploads\/2023\/12\/saunamajster.webp\" class=\"attachment-full size-full\" alt=\"Wellness club Placidus - saunov\u00fd ceremonial\" srcset=\"https:\/\/placidus.sk\/nove\/wp-content\/uploads\/2023\/12\/saunamajster.webp 1000w, https:\/\/placidus.sk\/nove\/wp-content\/uploads\/2023\/12\/saunamajster-300x300.webp 300w, https:\/\/placidus.sk\/nove\/wp-content\/uploads\/2023\/12\/saunamajster-150x150.webp 150w, https:\/\/placidus.sk\/nove\/wp-content\/uploads\/2023\/12\/saunamajster-768x768.webp 768w, https:\/\/placidus.sk\/nove\/wp-content\/uploads\/2023\/12\/saunamajster-600x600.webp 600w\" sizes=\"auto, (max-width: 1000px) 100vw, 1000px\" \/>\n\t\t\t\t\t<\/div>\n\t\t[\/vc_column][\/vc_row][vc_row woodmart_css_id=&#8220;6586196d70118&#8243; responsive_spacing=&#8220;eyJwYXJhbV90eXBlIjoid29vZG1hcnRfcmVzcG9uc2l2ZV9zcGFjaW5nIiwic2VsZWN0b3JfaWQiOiI2NTg2MTk2ZDcwMTE4Iiwic2hvcnRjb2RlIjoidmNfcm93IiwiZGF0YSI6eyJ0YWJsZXQiOnt9LCJtb2JpbGUiOnt9fX0=&#8220; mobile_bg_img_hidden=&#8220;no&#8220; tablet_bg_img_hidden=&#8220;no&#8220; woodmart_parallax=&#8220;0&#8243; woodmart_gradient_switch=&#8220;no&#8220; woodmart_box_shadow=&#8220;no&#8220; wd_z_index=&#8220;no&#8220; woodmart_disable_overflow=&#8220;0&#8243; row_reverse_mobile=&#8220;0&#8243; row_reverse_tablet=&#8220;0&#8243; css=&#8220;.vc_custom_1703287154683{margin-bottom: 30px !important;}&#8220;][vc_column]\n\t\t<div id=\"wd-65861815b1856\" class=\"title-wrapper wd-wpb set-mb-s reset-last-child  wd-rs-65861815b1856 wd-title-color-default wd-title-style-underlined text-center  wd-width-enabled wd-underline-colored\" style=\"--wd-max-width: 70%;\">\n\t\t\t\n\t\t\t<div class=\"liner-continer\">\n\t\t\t\t<h4 class=\"woodmart-title-container title  wd-font-weight- wd-fontsize-xxxl\" >VIDEO<\/h4>\n\t\t\t\t\t\t\t<\/div>\n\t\t\t\n\t\t\t\n\t\t\t\n\t\t<\/div>\n\t\t\n\t\t[\/vc_column][\/vc_row][vc_row woodmart_css_id=&#8220;65861a03bdbfe&#8220; responsive_spacing=&#8220;eyJwYXJhbV90eXBlIjoid29vZG1hcnRfcmVzcG9uc2l2ZV9zcGFjaW5nIiwic2VsZWN0b3JfaWQiOiI2NTg2MWEwM2JkYmZlIiwic2hvcnRjb2RlIjoidmNfcm93IiwiZGF0YSI6eyJ0YWJsZXQiOnt9LCJtb2JpbGUiOnt9fX0=&#8220; mobile_bg_img_hidden=&#8220;no&#8220; tablet_bg_img_hidden=&#8220;no&#8220; woodmart_parallax=&#8220;0&#8243; woodmart_gradient_switch=&#8220;no&#8220; woodmart_box_shadow=&#8220;no&#8220; wd_z_index=&#8220;no&#8220; woodmart_disable_overflow=&#8220;0&#8243; row_reverse_mobile=&#8220;0&#8243; row_reverse_tablet=&#8220;0&#8243; css=&#8220;.vc_custom_1703287308270{margin-bottom: 50px !important;}&#8220;][vc_column][vc_video link=&#8220;https:\/\/youtu.be\/rdwGuaYaRqk&#8220; el_width=&#8220;80&#8243; align=&#8220;center&#8220; woodmart_css_id=&#8220;658619d481e59&#8243; image_poster_switch=&#8220;no&#8220;][\/vc_column][\/vc_row]<\/p>\n<\/div>","protected":false},"excerpt":{"rendered":"<p>[vc_row css=&#8220;.vc_custom_1703285560128{margin-top: 4vh !important;margin-bottom: 4vh !important;}&#8220; woodmart_css_id=&#8220;65861333075d8&#8243; responsive_spacing=&#8220;eyJwYXJhbV90eXBlIjoid29vZG1hcnRfcmVzcG9uc2l2ZV9zcGFjaW5nIiwic2VsZWN0b3JfaWQiOiI2NTg2MTMzMzA3NWQ4Iiwic2hvcnRjb2RlIjoidmNfcm93IiwiZGF0YSI6eyJ0YWJsZXQiOnt9LCJtb2JpbGUiOnsibWFyZ2luLXRvcCI6IjBweCJ9fX0=&#8220; mobile_bg_img_hidden=&#8220;no&#8220; tablet_bg_img_hidden=&#8220;no&#8220; woodmart_parallax=&#8220;0&#8243; woodmart_gradient_switch=&#8220;no&#8220; woodmart_box_shadow=&#8220;no&#8220; wd_z_index=&#8220;no&#8220; woodmart_disable_overflow=&#8220;0&#8243; row_reverse_mobile=&#8220;0&#8243; row_reverse_tablet=&#8220;0&#8243;][vc_column woodmart_css_id=&#8220;6586110324517&#8243; parallax_scroll=&#8220;no&#8220; woodmart_sticky_column=&#8220;false&#8220;<\/p>\n","protected":false},"author":1,"featured_media":0,"parent":0,"menu_order":0,"comment_status":"closed","ping_status":"closed","template":"","meta":{"footnotes":""},"class_list":["post-255","page","type-page","status-publish","hentry"],"_links":{"self":[{"href":"https:\/\/placidus.sk\/nove\/wp-json\/wp\/v2\/pages\/255","targetHints":{"allow":["GET"]}}],"collection":[{"href":"https:\/\/placidus.sk\/nove\/wp-json\/wp\/v2\/pages"}],"about":[{"href":"https:\/\/placidus.sk\/nove\/wp-json\/wp\/v2\/types\/page"}],"author":[{"embeddable":true,"href":"https:\/\/placidus.sk\/nove\/wp-json\/wp\/v2\/users\/1"}],"replies":[{"embeddable":true,"href":"https:\/\/placidus.sk\/nove\/wp-json\/wp\/v2\/comments?post=255"}],"version-history":[{"count":12,"href":"https:\/\/placidus.sk\/nove\/wp-json\/wp\/v2\/pages\/255\/revisions"}],"predecessor-version":[{"id":268,"href":"https:\/\/placidus.sk\/nove\/wp-json\/wp\/v2\/pages\/255\/revisions\/268"}],"wp:attachment":[{"href":"https:\/\/placidus.sk\/nove\/wp-json\/wp\/v2\/media?parent=255"}],"curies":[{"name":"wp","href":"https:\/\/api.w.org\/{rel}","templated":true}]}}