{"id":281,"date":"2023-12-23T00:46:36","date_gmt":"2023-12-22T23:46:36","guid":{"rendered":"https:\/\/www.placidus.sk\/nove\/?page_id=281"},"modified":"2025-01-02T21:37:06","modified_gmt":"2025-01-02T20:37:06","slug":"cennik","status":"publish","type":"page","link":"https:\/\/placidus.sk\/nove\/cennik\/","title":{"rendered":"Cenn\u00edk"},"content":{"rendered":"<div class=\"wpb-content-wrapper\"><p>[vc_row css=&#8220;.vc_custom_1703289848618{margin-top: 4vh !important;margin-bottom: 4vh !important;}&#8220; woodmart_css_id=&#8220;658623ef517c0&#8243; responsive_spacing=&#8220;eyJwYXJhbV90eXBlIjoid29vZG1hcnRfcmVzcG9uc2l2ZV9zcGFjaW5nIiwic2VsZWN0b3JfaWQiOiI2NTg2MjNlZjUxN2MwIiwic2hvcnRjb2RlIjoidmNfcm93IiwiZGF0YSI6eyJ0YWJsZXQiOnt9LCJtb2JpbGUiOnsibWFyZ2luLWJvdHRvbSI6Ii0zMCJ9fX0=&#8220; mobile_bg_img_hidden=&#8220;no&#8220; tablet_bg_img_hidden=&#8220;no&#8220; woodmart_parallax=&#8220;0&#8243; woodmart_gradient_switch=&#8220;no&#8220; woodmart_box_shadow=&#8220;no&#8220; wd_z_index=&#8220;no&#8220; woodmart_disable_overflow=&#8220;0&#8243; row_reverse_mobile=&#8220;0&#8243; row_reverse_tablet=&#8220;0&#8243;][vc_column woodmart_css_id=&#8220;6586110324517&#8243; parallax_scroll=&#8220;no&#8220; woodmart_sticky_column=&#8220;false&#8220; wd_collapsible_content_switcher=&#8220;no&#8220; wd_column_role_offcanvas_desktop=&#8220;no&#8220; wd_column_role_offcanvas_tablet=&#8220;no&#8220; wd_column_role_offcanvas_mobile=&#8220;no&#8220; wd_column_role_content_desktop=&#8220;no&#8220; wd_column_role_content_tablet=&#8220;no&#8220; wd_column_role_content_mobile=&#8220;no&#8220; mobile_bg_img_hidden=&#8220;no&#8220; tablet_bg_img_hidden=&#8220;no&#8220; woodmart_parallax=&#8220;0&#8243; woodmart_box_shadow=&#8220;no&#8220; responsive_spacing=&#8220;eyJwYXJhbV90eXBlIjoid29vZG1hcnRfcmVzcG9uc2l2ZV9zcGFjaW5nIiwic2VsZWN0b3JfaWQiOiI2NTg2MTEwMzI0NTE3Iiwic2hvcnRjb2RlIjoidmNfY29sdW1uIiwiZGF0YSI6eyJ0YWJsZXQiOnt9LCJtb2JpbGUiOnt9fX0=&#8220; mobile_reset_margin=&#8220;no&#8220; tablet_reset_margin=&#8220;no&#8220; wd_z_index=&#8220;no&#8220;]\n\t\t<div id=\"wd-6586243a8a90f\" class=\"title-wrapper wd-wpb set-mb-s reset-last-child  wd-rs-6586243a8a90f wd-title-color-default wd-title-style-underlined text-center  wd-width-enabled wd-underline-colored\" style=\"--wd-max-width: 70%;\">\n\t\t\t\n\t\t\t<div class=\"liner-continer\">\n\t\t\t\t<h4 class=\"woodmart-title-container title  wd-font-weight- wd-fontsize-xxxl\" >WELLNESS<\/h4>\n\t\t\t\t\t\t\t<\/div>\n\t\t\t\n\t\t\t\n\t\t\t\n\t\t<\/div>\n\t\t\n\t\t[\/vc_column][\/vc_row][vc_row equal_height=&#8220;yes&#8220; content_placement=&#8220;middle&#8220; row_reverse_mobile=&#8220;0&#8243; css=&#8220;.vc_custom_1703289771796{margin-bottom: 80px !important;padding-right: 5% !important;padding-left: 5% !important;}&#8220; woodmart_css_id=&#8220;658623a2b236b&#8220; responsive_spacing=&#8220;eyJwYXJhbV90eXBlIjoid29vZG1hcnRfcmVzcG9uc2l2ZV9zcGFjaW5nIiwic2VsZWN0b3JfaWQiOiI2NTg2MjNhMmIyMzZiIiwic2hvcnRjb2RlIjoidmNfcm93IiwiZGF0YSI6eyJ0YWJsZXQiOnsibWFyZ2luLWJvdHRvbSI6IjQwcHgifSwibW9iaWxlIjp7Im1hcmdpbi10b3AiOiI1MCIsInBhZGRpbmctcmlnaHQiOiIwcHgiLCJwYWRkaW5nLWxlZnQiOiIwcHgifX19&#8243; mobile_bg_img_hidden=&#8220;no&#8220; tablet_bg_img_hidden=&#8220;no&#8220; woodmart_parallax=&#8220;0&#8243; woodmart_gradient_switch=&#8220;no&#8220; woodmart_box_shadow=&#8220;no&#8220; wd_z_index=&#8220;no&#8220; woodmart_disable_overflow=&#8220;0&#8243; row_reverse_tablet=&#8220;0&#8243;][vc_column vertical_alignment=&#8220;eyJkZXZpY2VzIjp7ImRlc2t0b3AiOnsidmFsdWUiOiJjZW50ZXIifSwidGFibGV0Ijp7InZhbHVlIjoiIn0sIm1vYmlsZSI6eyJ2YWx1ZSI6IiJ9fX0=&#8220; parallax_scroll=&#8220;no&#8220; css=&#8220;.vc_custom_1703288893072{padding-right: 10% !important;padding-left: 10% !important;}&#8220; offset=&#8220;vc_col-lg-12 vc_col-md-12 vc_col-xs-12&#8243; woodmart_css_id=&#8220;65862035156f7&#8243; woodmart_sticky_column=&#8220;false&#8220; wd_collapsible_content_switcher=&#8220;no&#8220; mobile_bg_img_hidden=&#8220;no&#8220; tablet_bg_img_hidden=&#8220;no&#8220; woodmart_parallax=&#8220;0&#8243; woodmart_box_shadow=&#8220;no&#8220; mobile_reset_margin=&#8220;no&#8220; tablet_reset_margin=&#8220;no&#8220; wd_z_index=&#8220;no&#8220; responsive_spacing=&#8220;eyJwYXJhbV90eXBlIjoid29vZG1hcnRfcmVzcG9uc2l2ZV9zcGFjaW5nIiwic2VsZWN0b3JfaWQiOiI2NTg2MjAzNTE1NmY3Iiwic2hvcnRjb2RlIjoidmNfY29sdW1uIiwiZGF0YSI6eyJ0YWJsZXQiOnt9LCJtb2JpbGUiOnsicGFkZGluZy1yaWdodCI6IjE1JSIsInBhZGRpbmctYm90dG9tIjoiNjBweCIsInBhZGRpbmctbGVmdCI6IjE1JSJ9fX0=&#8220; wd_column_role_offcanvas_desktop=&#8220;no&#8220; wd_column_role_offcanvas_tablet=&#8220;no&#8220; wd_column_role_offcanvas_mobile=&#8220;no&#8220; wd_column_role_content_desktop=&#8220;no&#8220; wd_column_role_content_tablet=&#8220;no&#8220; wd_column_role_content_mobile=&#8220;no&#8220;]\t\t\t<div class=\"wd-menu-price wd-wpb   wd-rs-6776f802c788d \" >\n\t\t\t\t\t\t\t\t<div class=\"menu-price-desc-wrapp\">\n\t\t\t\t\t<div class=\"menu-price-heading\">\n\t\t\t\t\t\t\t\t\t\t\t\t\t<h3 class=\"menu-price-title wd-entities-title\"><span>JEDN\u00c1 OSOBA<\/span><\/h3>\n\t\t\t\t\t\t\t\t\t\t\t\t<div class=\"menu-price-price price\">27\u20ac<\/div>\n\t\t\t\t\t<\/div>\n\t\t\t\t\t\t\t\t\t\t\t<div class=\"menu-price-details\">V cene: 3 hod. vstup, ru\u010dn\u00edkov\u00fd servis, pitn\u00fd re\u017eim<\/div>\n\t\t\t\t\t\t\t\t\t<\/div>\n\t\t\t<\/div>\n\t\t[vc_empty_space height=&#8220;20&#8243;]\t\t\t<div class=\"wd-menu-price wd-wpb   wd-rs-6776f818bd7ba \" >\n\t\t\t\t\t\t\t\t<div class=\"menu-price-desc-wrapp\">\n\t\t\t\t\t<div class=\"menu-price-heading\">\n\t\t\t\t\t\t\t\t\t\t\t\t\t<h3 class=\"menu-price-title wd-entities-title\"><span>PERMANENTKA<\/span><\/h3>\n\t\t\t\t\t\t\t\t\t\t\t\t<div class=\"menu-price-price price\">250\u20ac<\/div>\n\t\t\t\t\t<\/div>\n\t\t\t\t\t\t\t\t\t\t\t<div class=\"menu-price-details\">V cene: 10 vstupov, platnos\u0165 3 mesiace, max. 2 vstupy na jeden de\u0148. Permanentka je neprenosn\u00e1<\/div>\n\t\t\t\t\t\t\t\t\t<\/div>\n\t\t\t<\/div>\n\t\t[\/vc_column][\/vc_row][vc_row css=&#8220;.vc_custom_1703289996233{margin-top: 4vh !important;margin-bottom: 4vh !important;}&#8220; woodmart_css_id=&#8220;658624861a107&#8243; responsive_spacing=&#8220;eyJwYXJhbV90eXBlIjoid29vZG1hcnRfcmVzcG9uc2l2ZV9zcGFjaW5nIiwic2VsZWN0b3JfaWQiOiI2NTg2MjQ4NjFhMTA3Iiwic2hvcnRjb2RlIjoidmNfcm93IiwiZGF0YSI6eyJ0YWJsZXQiOnt9LCJtb2JpbGUiOnsibWFyZ2luLWJvdHRvbSI6Ii0zMCJ9fX0=&#8220; mobile_bg_img_hidden=&#8220;no&#8220; tablet_bg_img_hidden=&#8220;no&#8220; woodmart_parallax=&#8220;0&#8243; woodmart_gradient_switch=&#8220;no&#8220; woodmart_box_shadow=&#8220;no&#8220; wd_z_index=&#8220;no&#8220; woodmart_disable_overflow=&#8220;0&#8243; row_reverse_mobile=&#8220;0&#8243; row_reverse_tablet=&#8220;0&#8243;][vc_column woodmart_css_id=&#8220;6586110324517&#8243; parallax_scroll=&#8220;no&#8220; woodmart_sticky_column=&#8220;false&#8220; wd_collapsible_content_switcher=&#8220;no&#8220; wd_column_role_offcanvas_desktop=&#8220;no&#8220; wd_column_role_offcanvas_tablet=&#8220;no&#8220; wd_column_role_offcanvas_mobile=&#8220;no&#8220; wd_column_role_content_desktop=&#8220;no&#8220; wd_column_role_content_tablet=&#8220;no&#8220; wd_column_role_content_mobile=&#8220;no&#8220; mobile_bg_img_hidden=&#8220;no&#8220; tablet_bg_img_hidden=&#8220;no&#8220; woodmart_parallax=&#8220;0&#8243; woodmart_box_shadow=&#8220;no&#8220; responsive_spacing=&#8220;eyJwYXJhbV90eXBlIjoid29vZG1hcnRfcmVzcG9uc2l2ZV9zcGFjaW5nIiwic2VsZWN0b3JfaWQiOiI2NTg2MTEwMzI0NTE3Iiwic2hvcnRjb2RlIjoidmNfY29sdW1uIiwiZGF0YSI6eyJ0YWJsZXQiOnt9LCJtb2JpbGUiOnt9fX0=&#8220; mobile_reset_margin=&#8220;no&#8220; tablet_reset_margin=&#8220;no&#8220; wd_z_index=&#8220;no&#8220;]\n\t\t<div id=\"wd-658623c15fcdf\" class=\"title-wrapper wd-wpb set-mb-s reset-last-child  wd-rs-658623c15fcdf wd-title-color-default wd-title-style-underlined text-center  wd-width-enabled wd-underline-colored\" style=\"--wd-max-width: 70%;\">\n\t\t\t\n\t\t\t<div class=\"liner-continer\">\n\t\t\t\t<h4 class=\"woodmart-title-container title  wd-font-weight- wd-fontsize-xxxl\" >MAS\u00c1\u017dE<\/h4>\n\t\t\t\t\t\t\t<\/div>\n\t\t\t\n\t\t\t\n\t\t\t\n\t\t<\/div>\n\t\t\n\t\t[\/vc_column][\/vc_row][vc_row equal_height=&#8220;yes&#8220; content_placement=&#8220;middle&#8220; row_reverse_mobile=&#8220;0&#8243; css=&#8220;.vc_custom_1703289861004{margin-bottom: 80px !important;padding-right: 5% !important;padding-left: 5% !important;}&#8220; woodmart_css_id=&#8220;658623fdd4385&#8243; responsive_spacing=&#8220;eyJwYXJhbV90eXBlIjoid29vZG1hcnRfcmVzcG9uc2l2ZV9zcGFjaW5nIiwic2VsZWN0b3JfaWQiOiI2NTg2MjNmZGQ0Mzg1Iiwic2hvcnRjb2RlIjoidmNfcm93IiwiZGF0YSI6eyJ0YWJsZXQiOnsibWFyZ2luLWJvdHRvbSI6IjQwcHgifSwibW9iaWxlIjp7Im1hcmdpbi10b3AiOiI1MHB4IiwicGFkZGluZy1yaWdodCI6IjBweCIsInBhZGRpbmctbGVmdCI6IjBweCJ9fX0=&#8220; mobile_bg_img_hidden=&#8220;no&#8220; tablet_bg_img_hidden=&#8220;no&#8220; woodmart_parallax=&#8220;0&#8243; woodmart_gradient_switch=&#8220;no&#8220; woodmart_box_shadow=&#8220;no&#8220; wd_z_index=&#8220;no&#8220; woodmart_disable_overflow=&#8220;0&#8243; row_reverse_tablet=&#8220;0&#8243;][vc_column vertical_alignment=&#8220;eyJkZXZpY2VzIjp7ImRlc2t0b3AiOnsidmFsdWUiOiJjZW50ZXIifSwidGFibGV0Ijp7InZhbHVlIjoiIn0sIm1vYmlsZSI6eyJ2YWx1ZSI6IiJ9fX0=&#8220; parallax_scroll=&#8220;no&#8220; css=&#8220;.vc_custom_1703288893072{padding-right: 10% !important;padding-left: 10% !important;}&#8220; offset=&#8220;vc_col-lg-12 vc_col-md-12 vc_col-xs-12&#8243; woodmart_css_id=&#8220;65862035156f7&#8243; woodmart_sticky_column=&#8220;false&#8220; wd_collapsible_content_switcher=&#8220;no&#8220; mobile_bg_img_hidden=&#8220;no&#8220; tablet_bg_img_hidden=&#8220;no&#8220; woodmart_parallax=&#8220;0&#8243; woodmart_box_shadow=&#8220;no&#8220; mobile_reset_margin=&#8220;no&#8220; tablet_reset_margin=&#8220;no&#8220; wd_z_index=&#8220;no&#8220; responsive_spacing=&#8220;eyJwYXJhbV90eXBlIjoid29vZG1hcnRfcmVzcG9uc2l2ZV9zcGFjaW5nIiwic2VsZWN0b3JfaWQiOiI2NTg2MjAzNTE1NmY3Iiwic2hvcnRjb2RlIjoidmNfY29sdW1uIiwiZGF0YSI6eyJ0YWJsZXQiOnt9LCJtb2JpbGUiOnsicGFkZGluZy1yaWdodCI6IjE1JSIsInBhZGRpbmctYm90dG9tIjoiNjBweCIsInBhZGRpbmctbGVmdCI6IjE1JSJ9fX0=&#8220; wd_column_role_offcanvas_desktop=&#8220;no&#8220; wd_column_role_offcanvas_tablet=&#8220;no&#8220; wd_column_role_offcanvas_mobile=&#8220;no&#8220; wd_column_role_content_desktop=&#8220;no&#8220; wd_column_role_content_tablet=&#8220;no&#8220; wd_column_role_content_mobile=&#8220;no&#8220;]\t\t\t<div class=\"wd-menu-price wd-wpb   wd-rs-6776f829378ec \" >\n\t\t\t\t\t\t\t\t<div class=\"menu-price-desc-wrapp\">\n\t\t\t\t\t<div class=\"menu-price-heading\">\n\t\t\t\t\t\t\t\t\t\t\t\t\t<h3 class=\"menu-price-title wd-entities-title\"><span>\u010cIASTO\u010cN\u00c1 MAS\u00c1\u017d<\/span><\/h3>\n\t\t\t\t\t\t\t\t\t\t\t\t<div class=\"menu-price-price price\">18\u20ac<\/div>\n\t\t\t\t\t<\/div>\n\t\t\t\t\t\t\t\t\t\t\t<div class=\"menu-price-details\">25 min\u00fat<\/div>\n\t\t\t\t\t\t\t\t\t<\/div>\n\t\t\t<\/div>\n\t\t[vc_empty_space height=&#8220;20&#8243;]\t\t\t<div class=\"wd-menu-price wd-wpb   wd-rs-6776f8de5b20a \" >\n\t\t\t\t\t\t\t\t<div class=\"menu-price-desc-wrapp\">\n\t\t\t\t\t<div class=\"menu-price-heading\">\n\t\t\t\t\t\t\t\t\t\t\t\t\t<h3 class=\"menu-price-title wd-entities-title\"><span>CELOTELOV\u00c1 MAS\u00c1\u017d<\/span><\/h3>\n\t\t\t\t\t\t\t\t\t\t\t\t<div class=\"menu-price-price price\">35\u20ac<\/div>\n\t\t\t\t\t<\/div>\n\t\t\t\t\t\t\t\t\t\t\t<div class=\"menu-price-details\">55 min\u00fat<\/div>\n\t\t\t\t\t\t\t\t\t<\/div>\n\t\t\t<\/div>\n\t\t[vc_empty_space height=&#8220;20&#8243;]\t\t\t<div class=\"wd-menu-price wd-wpb   wd-rs-6776f8d3e32c6 \" >\n\t\t\t\t\t\t\t\t<div class=\"menu-price-desc-wrapp\">\n\t\t\t\t\t<div class=\"menu-price-heading\">\n\t\t\t\t\t\t\t\t\t\t\t\t\t<h3 class=\"menu-price-title wd-entities-title\"><span>MAS\u00c1\u017d KR\u010cNEJ CHRBTICE<\/span><\/h3>\n\t\t\t\t\t\t\t\t\t\t\t\t<div class=\"menu-price-price price\">13\u20ac<\/div>\n\t\t\t\t\t<\/div>\n\t\t\t\t\t\t\t\t\t\t\t<div class=\"menu-price-details\">15 min\u00fat<\/div>\n\t\t\t\t\t\t\t\t\t<\/div>\n\t\t\t<\/div>\n\t\t[vc_empty_space height=&#8220;20&#8243;]\t\t\t<div class=\"wd-menu-price wd-wpb   wd-rs-6776f8674c871 \" >\n\t\t\t\t\t\t\t\t<div class=\"menu-price-desc-wrapp\">\n\t\t\t\t\t<div class=\"menu-price-heading\">\n\t\t\t\t\t\t\t\t\t\t\t\t\t<h3 class=\"menu-price-title wd-entities-title\"><span>DOPLNOK K MAS\u00c1\u017dI<\/span><\/h3>\n\t\t\t\t\t\t\t\t\t\t\t\t<div class=\"menu-price-price price\">1\u20ac \/ 2\u20ac<\/div>\n\t\t\t\t\t<\/div>\n\t\t\t\t\t\t\t\t\t\t\t<div class=\"menu-price-details\">Mas\u00e1\u017eny olej pod\u013ea ponuky<\/div>\n\t\t\t\t\t\t\t\t\t<\/div>\n\t\t\t<\/div>\n\t\t[\/vc_column][\/vc_row][vc_row css=&#8220;.vc_custom_1703289252547{margin-bottom: 50px !important;}&#8220; woodmart_css_id=&#8220;658621a13a0f5&#8243; responsive_spacing=&#8220;eyJwYXJhbV90eXBlIjoid29vZG1hcnRfcmVzcG9uc2l2ZV9zcGFjaW5nIiwic2VsZWN0b3JfaWQiOiI2NTg2MjFhMTNhMGY1Iiwic2hvcnRjb2RlIjoidmNfcm93IiwiZGF0YSI6eyJ0YWJsZXQiOnt9LCJtb2JpbGUiOnt9fX0=&#8220; mobile_bg_img_hidden=&#8220;no&#8220; tablet_bg_img_hidden=&#8220;no&#8220; woodmart_parallax=&#8220;0&#8243; woodmart_gradient_switch=&#8220;no&#8220; woodmart_box_shadow=&#8220;no&#8220; wd_z_index=&#8220;no&#8220; woodmart_disable_overflow=&#8220;0&#8243; row_reverse_mobile=&#8220;0&#8243; row_reverse_tablet=&#8220;0&#8243;][vc_column][vc_column_text woodmart_inline=&#8220;no&#8220; text_larger=&#8220;no&#8220;]<\/p>\n<p style=\"text-align: center;\">Do Wellness clubu Placidus je vhodn\u00e9 sa telefonicky objedna\u0165. Na mas\u00e1\u017e je nutn\u00e9 sa objedna\u0165 vopred<br \/>\nV cene vstupn\u00e9ho je zahrnut\u00fd trojhodinov\u00fd pobyt vo wellness, pitn\u00fd re\u017eim, osu\u0161ka a saunov\u00e1 osu\u0161ka.<br \/>\nPri mas\u00e1\u017ei bez vstupu do wellness sa pripl\u00e1ca 1\u20ac<\/p>\n<p>[\/vc_column_text][\/vc_column][\/vc_row]<\/p>\n<\/div>","protected":false},"excerpt":{"rendered":"<p>[vc_row css=&#8220;.vc_custom_1703289848618{margin-top: 4vh !important;margin-bottom: 4vh !important;}&#8220; woodmart_css_id=&#8220;658623ef517c0&#8243; responsive_spacing=&#8220;eyJwYXJhbV90eXBlIjoid29vZG1hcnRfcmVzcG9uc2l2ZV9zcGFjaW5nIiwic2VsZWN0b3JfaWQiOiI2NTg2MjNlZjUxN2MwIiwic2hvcnRjb2RlIjoidmNfcm93IiwiZGF0YSI6eyJ0YWJsZXQiOnt9LCJtb2JpbGUiOnsibWFyZ2luLWJvdHRvbSI6Ii0zMCJ9fX0=&#8220; mobile_bg_img_hidden=&#8220;no&#8220; tablet_bg_img_hidden=&#8220;no&#8220; woodmart_parallax=&#8220;0&#8243; woodmart_gradient_switch=&#8220;no&#8220; woodmart_box_shadow=&#8220;no&#8220; wd_z_index=&#8220;no&#8220; woodmart_disable_overflow=&#8220;0&#8243; row_reverse_mobile=&#8220;0&#8243; row_reverse_tablet=&#8220;0&#8243;][vc_column woodmart_css_id=&#8220;6586110324517&#8243; parallax_scroll=&#8220;no&#8220; woodmart_sticky_column=&#8220;false&#8220;<\/p>\n","protected":false},"author":1,"featured_media":0,"parent":0,"menu_order":0,"comment_status":"closed","ping_status":"closed","template":"","meta":{"footnotes":""},"class_list":["post-281","page","type-page","status-publish","hentry"],"_links":{"self":[{"href":"https:\/\/placidus.sk\/nove\/wp-json\/wp\/v2\/pages\/281","targetHints":{"allow":["GET"]}}],"collection":[{"href":"https:\/\/placidus.sk\/nove\/wp-json\/wp\/v2\/pages"}],"about":[{"href":"https:\/\/placidus.sk\/nove\/wp-json\/wp\/v2\/types\/page"}],"author":[{"embeddable":true,"href":"https:\/\/placidus.sk\/nove\/wp-json\/wp\/v2\/users\/1"}],"replies":[{"embeddable":true,"href":"https:\/\/placidus.sk\/nove\/wp-json\/wp\/v2\/comments?post=281"}],"version-history":[{"count":20,"href":"https:\/\/placidus.sk\/nove\/wp-json\/wp\/v2\/pages\/281\/revisions"}],"predecessor-version":[{"id":500,"href":"https:\/\/placidus.sk\/nove\/wp-json\/wp\/v2\/pages\/281\/revisions\/500"}],"wp:attachment":[{"href":"https:\/\/placidus.sk\/nove\/wp-json\/wp\/v2\/media?parent=281"}],"curies":[{"name":"wp","href":"https:\/\/api.w.org\/{rel}","templated":true}]}}